{"id":7661,"date":"2025-09-10T16:19:28","date_gmt":"2025-09-10T14:19:28","guid":{"rendered":"https:\/\/atelier-sur-la-riviere.art\/?post_type=product&#038;p=7661"},"modified":"2026-04-01T09:31:31","modified_gmt":"2026-04-01T07:31:31","slug":"7661","status":"publish","type":"product","link":"https:\/\/atelier-sur-la-riviere.art\/ja\/shop\/7661\/","title":{"rendered":"Lustre Antar\u00e8s"},"content":{"rendered":"<p>Lustre Antar\u00e8s en ch\u00eane clair et porcelaine. 13 suspensions. dimensions : 115 x 120 cm<\/p>\n","protected":false},"excerpt":{"rendered":"<p><img decoding=\"async\" class=\"alignnone size-medium wp-image-7662\" src=\"https:\/\/atelier-sur-la-riviere.art\/wp-content\/uploads\/2025\/09\/IMG_7059-225x300.jpg\" alt=\"\" width=\"225\" height=\"300\" srcset=\"https:\/\/atelier-sur-la-riviere.art\/wp-content\/uploads\/2025\/09\/IMG_7059-200x267.jpg 200w, https:\/\/atelier-sur-la-riviere.art\/wp-content\/uploads\/2025\/09\/IMG_7059-225x300.jpg 225w, https:\/\/atelier-sur-la-riviere.art\/wp-content\/uploads\/2025\/09\/IMG_7059-400x533.jpg 400w, https:\/\/atelier-sur-la-riviere.art\/wp-content\/uploads\/2025\/09\/IMG_7059-500x667.jpg 500w, https:\/\/atelier-sur-la-riviere.art\/wp-content\/uploads\/2025\/09\/IMG_7059-600x800.jpg 600w, https:\/\/atelier-sur-la-riviere.art\/wp-content\/uploads\/2025\/09\/IMG_7059-700x933.jpg 700w, https:\/\/atelier-sur-la-riviere.art\/wp-content\/uploads\/2025\/09\/IMG_7059-768x1024.jpg 768w, https:\/\/atelier-sur-la-riviere.art\/wp-content\/uploads\/2025\/09\/IMG_7059-800x1067.jpg 800w, https:\/\/atelier-sur-la-riviere.art\/wp-content\/uploads\/2025\/09\/IMG_7059-1152x1536.jpg 1152w, https:\/\/atelier-sur-la-riviere.art\/wp-content\/uploads\/2025\/09\/IMG_7059-1200x1600.jpg 1200w, https:\/\/atelier-sur-la-riviere.art\/wp-content\/uploads\/2025\/09\/IMG_7059-1536x2048.jpg 1536w, https:\/\/atelier-sur-la-riviere.art\/wp-content\/uploads\/2025\/09\/IMG_7059-scaled.jpg 1920w\" sizes=\"(max-width: 225px) 100vw, 225px\" \/><\/p>\n","protected":false},"featured_media":7662,"template":"","meta":{"_acf_changed":false},"collection-prod":[],"product_brand":[],"product_cat":[35],"product_tag":[],"class_list":{"0":"post-7661","1":"product","2":"type-product","3":"status-publish","4":"has-post-thumbnail","6":"product_cat-suspensions","8":"first","9":"instock","10":"shipping-taxable","11":"purchasable","12":"product-type-simple"},"acf":[],"_links":{"self":[{"href":"https:\/\/atelier-sur-la-riviere.art\/ja\/wp-json\/wp\/v2\/product\/7661","targetHints":{"allow":["GET"]}}],"collection":[{"href":"https:\/\/atelier-sur-la-riviere.art\/ja\/wp-json\/wp\/v2\/product"}],"about":[{"href":"https:\/\/atelier-sur-la-riviere.art\/ja\/wp-json\/wp\/v2\/types\/product"}],"wp:featuredmedia":[{"embeddable":true,"href":"https:\/\/atelier-sur-la-riviere.art\/ja\/wp-json\/wp\/v2\/media\/7662"}],"wp:attachment":[{"href":"https:\/\/atelier-sur-la-riviere.art\/ja\/wp-json\/wp\/v2\/media?parent=7661"}],"wp:term":[{"taxonomy":"collection-prod","embeddable":true,"href":"https:\/\/atelier-sur-la-riviere.art\/ja\/wp-json\/wp\/v2\/collection-prod?post=7661"},{"taxonomy":"product_brand","embeddable":true,"href":"https:\/\/atelier-sur-la-riviere.art\/ja\/wp-json\/wp\/v2\/product_brand?post=7661"},{"taxonomy":"product_cat","embeddable":true,"href":"https:\/\/atelier-sur-la-riviere.art\/ja\/wp-json\/wp\/v2\/product_cat?post=7661"},{"taxonomy":"product_tag","embeddable":true,"href":"https:\/\/atelier-sur-la-riviere.art\/ja\/wp-json\/wp\/v2\/product_tag?post=7661"}],"curies":[{"name":"wp","href":"https:\/\/api.w.org\/{rel}","templated":true}]}}